{"id":4123,"date":"2025-10-02T09:49:11","date_gmt":"2025-10-02T09:49:11","guid":{"rendered":"https:\/\/frankafranka.com\/?post_type=product&#038;p=4123"},"modified":"2026-04-20T13:01:26","modified_gmt":"2026-04-20T13:01:26","slug":"koc-dwustronny-hugo","status":"publish","type":"product","link":"https:\/\/frankafranka.com\/pl\/produkt\/koc-dwustronny-hugo\/","title":{"rendered":"Koc dwustronny Hugo"},"content":{"rendered":"<p>Koc Hugo to klasyk w nowoczesnym wydaniu \u2013 retro kratka w odcieniach br\u0105zu, kremu i b\u0142\u0119kitu przywodzi na my\u015bl jesienne spacery i ciep\u0142o rodzinnego domu. To taki skandynawski klasyk, kt\u00f3ry nigdy nie wychodzi z mody. Niezwykle mi\u0119kki i lekki, sprawdzi si\u0119 zar\u00f3wno na kanapie, jak i na tarasie podczas ch\u0142odnych porank\u00f3w. \u2028Dzi\u0119ki swojej naturalnej przewadze bawe\u0142ny koc jest oddychaj\u0105cy, a dzi\u0119ki domieszce akrylu i poliestru \u2013 trwa\u0142y i odporny na codzienne u\u017cytkowanie.<\/p>\n","protected":false},"excerpt":{"rendered":"<p>PROJEKTOWANE I PRODUKOWANE W POLSCE<br \/>\nMATERIA\u0141: 60% bawe\u0142na, 35% akryl, 5% poliester.<br \/>\nROZMIAR: 150 \u00d7 200 cm<br \/>\nKOLORY: BR\u0104ZOWY, KREMOWY, BABY BLUE<br \/>\nZALECENIA PIEL\u0118GNACYJNE: PRANIE W 40 STOPNIACH W PRALCE (BAWE\u0141NA W WY\u017bSZYCH TEMPERATURACH MA TENDENCJ\u0118 DO KURCZENIA SI\u0118 O OK 6%), bez wybielaczy<\/p>\n","protected":false},"featured_media":4124,"template":"","meta":{"inline_featured_image":false},"product_brand":[],"product_cat":[22],"product_tag":[],"class_list":{"0":"post-4123","1":"product","2":"type-product","3":"status-publish","4":"has-post-thumbnail","6":"product_cat-tekstylia","8":"first","9":"instock","10":"shipping-taxable","11":"purchasable","12":"product-type-simple"},"_links":{"self":[{"href":"https:\/\/frankafranka.com\/pl\/wp-json\/wp\/v2\/product\/4123","targetHints":{"allow":["GET"]}}],"collection":[{"href":"https:\/\/frankafranka.com\/pl\/wp-json\/wp\/v2\/product"}],"about":[{"href":"https:\/\/frankafranka.com\/pl\/wp-json\/wp\/v2\/types\/product"}],"wp:featuredmedia":[{"embeddable":true,"href":"https:\/\/frankafranka.com\/pl\/wp-json\/wp\/v2\/media\/4124"}],"wp:attachment":[{"href":"https:\/\/frankafranka.com\/pl\/wp-json\/wp\/v2\/media?parent=4123"}],"wp:term":[{"taxonomy":"product_brand","embeddable":true,"href":"https:\/\/frankafranka.com\/pl\/wp-json\/wp\/v2\/product_brand?post=4123"},{"taxonomy":"product_cat","embeddable":true,"href":"https:\/\/frankafranka.com\/pl\/wp-json\/wp\/v2\/product_cat?post=4123"},{"taxonomy":"product_tag","embeddable":true,"href":"https:\/\/frankafranka.com\/pl\/wp-json\/wp\/v2\/product_tag?post=4123"}],"curies":[{"name":"wp","href":"https:\/\/api.w.org\/{rel}","templated":true}]}}