{"id":4115,"date":"2025-10-02T09:43:29","date_gmt":"2025-10-02T09:43:29","guid":{"rendered":"https:\/\/frankafranka.com\/?post_type=product&#038;p=4115"},"modified":"2025-12-02T14:20:37","modified_gmt":"2025-12-02T14:20:37","slug":"koc-pablo","status":"publish","type":"product","link":"https:\/\/frankafranka.com\/pl\/produkt\/koc-pablo\/","title":{"rendered":"Koc Pablo"},"content":{"rendered":"<p>Mocny kolor i nowoczesny design, kt\u00f3ry dope\u0142ni ka\u017cde wn\u0119trze: w lofcie, w kamienicy i drewnian\u0105 chatk\u0119. Koc PABLO w pikselowy wz\u00f3r wniesie do Twojego wn\u0119trza \u015bwie\u017co\u015b\u0107 i energi\u0119. Jego mi\u0119kko\u015b\u0107 zach\u0119ca, by znikn\u0105\u0107 pod nim w zimowe popo\u0142udnia. Dzi\u0119ki przewadze bawe\u0142ny koc jest delikatny dla sk\u00f3ry, a domieszka w\u0142\u00f3kien syntetycznych dodaje mu trwa\u0142o\u015bci i \u0142atwo\u015bci w piel\u0119gnacji.<\/p>\n","protected":false},"excerpt":{"rendered":"<p>PROJEKTOWANE I PRODUKOWANE W POLSCE<br \/>\nMATERIA\u0141: 60% bawe\u0142na, 35% akryl, 5% poliester.<br \/>\nROZMIAR: 150 \u00d7 200 cm<br \/>\nKOLORY: mi\u0119towy i turkusowy<br \/>\nZALECENIA PIEL\u0118GNACYJNE: PRANIE W 40 STOPNIACH W PRALCE (BAWE\u0141NA W WY\u017bSZYCH TEMPERATURACH MA TENDENCJ\u0118 DO KURCZENIA SI\u0118 O OK 6%), bez wybielaczy<\/p>\n","protected":false},"featured_media":4116,"template":"","meta":{"inline_featured_image":false},"product_brand":[],"product_cat":[22],"product_tag":[],"class_list":{"0":"post-4115","1":"product","2":"type-product","3":"status-publish","4":"has-post-thumbnail","6":"product_cat-tekstylia","8":"first","9":"instock","10":"shipping-taxable","11":"purchasable","12":"product-type-simple"},"_links":{"self":[{"href":"https:\/\/frankafranka.com\/pl\/wp-json\/wp\/v2\/product\/4115","targetHints":{"allow":["GET"]}}],"collection":[{"href":"https:\/\/frankafranka.com\/pl\/wp-json\/wp\/v2\/product"}],"about":[{"href":"https:\/\/frankafranka.com\/pl\/wp-json\/wp\/v2\/types\/product"}],"wp:featuredmedia":[{"embeddable":true,"href":"https:\/\/frankafranka.com\/pl\/wp-json\/wp\/v2\/media\/4116"}],"wp:attachment":[{"href":"https:\/\/frankafranka.com\/pl\/wp-json\/wp\/v2\/media?parent=4115"}],"wp:term":[{"taxonomy":"product_brand","embeddable":true,"href":"https:\/\/frankafranka.com\/pl\/wp-json\/wp\/v2\/product_brand?post=4115"},{"taxonomy":"product_cat","embeddable":true,"href":"https:\/\/frankafranka.com\/pl\/wp-json\/wp\/v2\/product_cat?post=4115"},{"taxonomy":"product_tag","embeddable":true,"href":"https:\/\/frankafranka.com\/pl\/wp-json\/wp\/v2\/product_tag?post=4115"}],"curies":[{"name":"wp","href":"https:\/\/api.w.org\/{rel}","templated":true}]}}