{"id":3417,"date":"2025-07-08T19:21:22","date_gmt":"2025-07-08T19:21:22","guid":{"rendered":"https:\/\/frankafranka.com\/?post_type=product&#038;p=3417"},"modified":"2026-01-19T11:43:08","modified_gmt":"2026-01-19T11:43:08","slug":"serweta-telimena","status":"publish","type":"product","link":"https:\/\/frankafranka.com\/pl\/produkt\/serweta-telimena\/","title":{"rendered":"Serweta Telimena"},"content":{"rendered":"<p>Serweta Telimena to dodatek, kt\u00f3ry sprawia, \u017ce ka\u017cdy st\u00f3\u0142 lub stolik nabiera wyj\u0105tkowego charakteru. Haftowane wazony wprowadzaj\u0105 do wn\u0119trza ciep\u0142o, lekko\u015b\u0107 i r\u0119kodzielniczy charakter. To nawi\u0105zanie do ludowej tradycji, ale te\u017c uk\u0142on w stron\u0119 \u015br\u00f3dziemnomorskiego po\u0142udnia Europy, kt\u00f3re w lecie tak mocno z nami rezonuje. Gdzie\u015b pomi\u0119dzy Polsk\u0105 a Grecj\u0105 jest miejsce na st\u00f3\u0142 ozdobiony serwet\u0105 Telimena.<\/p>\n","protected":false},"excerpt":{"rendered":"<p>PROJEKTOWANE I PRODUKOWANE W POLSCE<br \/>\nMATERIA\u0141: LEN I BAWE\u0141NA<br \/>\nROZMIAR: 40 cm x 30 cm<br \/>\nKOLORY: NIEBIESKI, NIEBIESKI HAFT<br \/>\nZALECENIA PIEL\u0118GNACYJNE: PRANIE W 30 STOPNIACH W PRALCE (LEN I BAWE\u0141NA W WY\u017bSZYCH TEMPERATURACH MA TENDENCJ\u0118 DO KURCZENIA SI\u0118 O OK 6%), MO\u017bNA U\u017bYWA\u0106 Z ODPLAMIACZEM<\/p>\n","protected":false},"featured_media":3775,"template":"","meta":{"inline_featured_image":false},"product_brand":[],"product_cat":[22],"product_tag":[],"class_list":{"0":"post-3417","1":"product","2":"type-product","3":"status-publish","4":"has-post-thumbnail","6":"product_cat-tekstylia","8":"first","9":"outofstock","10":"shipping-taxable","11":"purchasable","12":"product-type-simple"},"_links":{"self":[{"href":"https:\/\/frankafranka.com\/pl\/wp-json\/wp\/v2\/product\/3417","targetHints":{"allow":["GET"]}}],"collection":[{"href":"https:\/\/frankafranka.com\/pl\/wp-json\/wp\/v2\/product"}],"about":[{"href":"https:\/\/frankafranka.com\/pl\/wp-json\/wp\/v2\/types\/product"}],"wp:featuredmedia":[{"embeddable":true,"href":"https:\/\/frankafranka.com\/pl\/wp-json\/wp\/v2\/media\/3775"}],"wp:attachment":[{"href":"https:\/\/frankafranka.com\/pl\/wp-json\/wp\/v2\/media?parent=3417"}],"wp:term":[{"taxonomy":"product_brand","embeddable":true,"href":"https:\/\/frankafranka.com\/pl\/wp-json\/wp\/v2\/product_brand?post=3417"},{"taxonomy":"product_cat","embeddable":true,"href":"https:\/\/frankafranka.com\/pl\/wp-json\/wp\/v2\/product_cat?post=3417"},{"taxonomy":"product_tag","embeddable":true,"href":"https:\/\/frankafranka.com\/pl\/wp-json\/wp\/v2\/product_tag?post=3417"}],"curies":[{"name":"wp","href":"https:\/\/api.w.org\/{rel}","templated":true}]}}