{"id":3388,"date":"2025-07-08T18:46:43","date_gmt":"2025-07-08T18:46:43","guid":{"rendered":"https:\/\/frankafranka.com\/?post_type=product&#038;p=3388"},"modified":"2025-11-20T12:17:24","modified_gmt":"2025-11-20T12:17:24","slug":"obrus-helena","status":"publish","type":"product","link":"https:\/\/frankafranka.com\/pl\/produkt\/obrus-helena\/","title":{"rendered":"Obrus Helena"},"content":{"rendered":"<p>Obrus Helena to nasz uk\u0142on w stron\u0119 tradycji i prostoty zakorzenionej w starym polskim domu. Wykonany z wysokiej jako\u015bci, naturalnego lnu z dodatkiem bawe\u0142ny wyr\u00f3\u017cnia si\u0119 patchworkowym wzorem, jakich nie znajdziesz w sieci\u00f3wce. W Helenie po\u0142\u0105czyli\u015bmy b\u0142\u0119kit z delikatnymi pasami o pomara\u0144czowych tonach, kt\u00f3re przywo\u0142uj\u0105 wspomnienia ciep\u0142ych, leniwych popo\u0142udni sp\u0119dzanych przy wsp\u00f3lnym stole \u2013 w ogrodzie, na tarasie, na wsi.<\/p>\n<p>Obrus doskonale komponuje si\u0119 zar\u00f3wno z rustykalnymi, jak i nowoczesnymi wn\u0119trzami, wprowadzaj\u0105c do nich nut\u0119 sielskiego spokoju i naturalnego pi\u0119kna. Jego ponadczasowy charakter i staranne wykonanie sprawiaj\u0105, \u017ce b\u0119dzie nie tylko ozdob\u0105 sto\u0142u, ale i towarzyszem codziennych rytua\u0142\u00f3w przez wiele lat.<\/p>\n","protected":false},"excerpt":{"rendered":"<p>PROJEKTOWANE I PRODUKOWANE W POLSCE<br \/>\nMATERIA\u0141:  LEN I BAWE\u0141NA<br \/>\nROZMIAR: 240 x 145 cm lub 180 x 145 cm<br \/>\nKOLORY: NIEBIESKO-POMARA\u0143CZOWO-BE\u017bOWY<br \/>\nZALECENIA PIEL\u0118GNACYJNE: PRANIE W 30 STOPNIACH W PRALCE (LEN I BAWE\u0141NA W WY\u017bSZYCH TEMPERATURACH MA TENDENCJ\u0118 DO KURCZENIA SI\u0118 O OK 6%), MO\u017bNA U\u017bYWA\u0106 Z ODPLAMIACZEM<\/p>\n","protected":false},"featured_media":3391,"template":"","meta":{"inline_featured_image":false},"product_brand":[],"product_cat":[22],"product_tag":[],"class_list":{"0":"post-3388","1":"product","2":"type-product","3":"status-publish","4":"has-post-thumbnail","6":"product_cat-tekstylia","8":"first","9":"instock","10":"shipping-taxable","11":"purchasable","12":"product-type-variable"},"_links":{"self":[{"href":"https:\/\/frankafranka.com\/pl\/wp-json\/wp\/v2\/product\/3388","targetHints":{"allow":["GET"]}}],"collection":[{"href":"https:\/\/frankafranka.com\/pl\/wp-json\/wp\/v2\/product"}],"about":[{"href":"https:\/\/frankafranka.com\/pl\/wp-json\/wp\/v2\/types\/product"}],"wp:featuredmedia":[{"embeddable":true,"href":"https:\/\/frankafranka.com\/pl\/wp-json\/wp\/v2\/media\/3391"}],"wp:attachment":[{"href":"https:\/\/frankafranka.com\/pl\/wp-json\/wp\/v2\/media?parent=3388"}],"wp:term":[{"taxonomy":"product_brand","embeddable":true,"href":"https:\/\/frankafranka.com\/pl\/wp-json\/wp\/v2\/product_brand?post=3388"},{"taxonomy":"product_cat","embeddable":true,"href":"https:\/\/frankafranka.com\/pl\/wp-json\/wp\/v2\/product_cat?post=3388"},{"taxonomy":"product_tag","embeddable":true,"href":"https:\/\/frankafranka.com\/pl\/wp-json\/wp\/v2\/product_tag?post=3388"}],"curies":[{"name":"wp","href":"https:\/\/api.w.org\/{rel}","templated":true}]}}