{"id":3321,"date":"2025-04-29T13:54:28","date_gmt":"2025-04-29T13:54:28","guid":{"rendered":"https:\/\/frankafranka.com\/?post_type=product&#038;p=3321"},"modified":"2025-12-02T14:29:40","modified_gmt":"2025-12-02T14:29:40","slug":"duza-torba-halka","status":"publish","type":"product","link":"https:\/\/frankafranka.com\/pl\/produkt\/duza-torba-halka\/","title":{"rendered":"Du\u017ca Torba Halka"},"content":{"rendered":"<p><span style=\"font-weight: 400;\">Na zakupy, na podr\u00f3\u017c, na si\u0142owni\u0119 i na codzienne sprawunki &#8211; du\u017ca torba Halka pomie\u015bci wszystko, co potrzebujesz mie\u0107 ze sob\u0105. Design uzupe\u0142ni ka\u017cd\u0105 stylizacj\u0119, a praktyczny kr\u00f3j zapewni wygod\u0119 w ka\u017cdej sytuacji. Torba jest pikowana, z mocnymi uszami, ud\u017awignie naprawd\u0119 sporo. Testowali\u015bmy na wszystkie mo\u017cliwe sposoby.<\/span><\/p>\n","protected":false},"excerpt":{"rendered":"<p>PROJEKTOWANE I PRODUKOWANE W POLSCE<br \/>\nMATERIA\u0141: 100% BAWE\u0141NA<br \/>\nROZMIAR: UNIWERSALNY<br \/>\nKOLORY: POMARA\u0143CZOWO-R\u00d3\u017bOWY<br \/>\nZALECENIA PIEL\u0118GNACYJNE: PRANIE W 30 STOPNIACH W PRALCE (BAWE\u0141NA W WY\u017bSZYCH TEMPERATURACH MA TENDENCJ\u0118 DO KURCZENIA SI\u0118 O OK 6%), MO\u017bNA U\u017bYWA\u0106 Z ODPLAMIACZEM<\/p>\n","protected":false},"featured_media":3322,"template":"","meta":{"inline_featured_image":false},"product_brand":[],"product_cat":[22],"product_tag":[],"class_list":{"0":"post-3321","1":"product","2":"type-product","3":"status-publish","4":"has-post-thumbnail","6":"product_cat-tekstylia","8":"first","9":"instock","10":"shipping-taxable","11":"purchasable","12":"product-type-simple"},"_links":{"self":[{"href":"https:\/\/frankafranka.com\/pl\/wp-json\/wp\/v2\/product\/3321","targetHints":{"allow":["GET"]}}],"collection":[{"href":"https:\/\/frankafranka.com\/pl\/wp-json\/wp\/v2\/product"}],"about":[{"href":"https:\/\/frankafranka.com\/pl\/wp-json\/wp\/v2\/types\/product"}],"wp:featuredmedia":[{"embeddable":true,"href":"https:\/\/frankafranka.com\/pl\/wp-json\/wp\/v2\/media\/3322"}],"wp:attachment":[{"href":"https:\/\/frankafranka.com\/pl\/wp-json\/wp\/v2\/media?parent=3321"}],"wp:term":[{"taxonomy":"product_brand","embeddable":true,"href":"https:\/\/frankafranka.com\/pl\/wp-json\/wp\/v2\/product_brand?post=3321"},{"taxonomy":"product_cat","embeddable":true,"href":"https:\/\/frankafranka.com\/pl\/wp-json\/wp\/v2\/product_cat?post=3321"},{"taxonomy":"product_tag","embeddable":true,"href":"https:\/\/frankafranka.com\/pl\/wp-json\/wp\/v2\/product_tag?post=3321"}],"curies":[{"name":"wp","href":"https:\/\/api.w.org\/{rel}","templated":true}]}}