{"id":3256,"date":"2025-03-06T20:12:42","date_gmt":"2025-03-06T20:12:42","guid":{"rendered":"https:\/\/frankafranka.com\/?post_type=product&#038;p=3256"},"modified":"2025-11-20T12:31:39","modified_gmt":"2025-11-20T12:31:39","slug":"zapaska-kuchenna-halka","status":"publish","type":"product","link":"https:\/\/frankafranka.com\/pl\/produkt\/zapaska-kuchenna-halka\/","title":{"rendered":"Zapaska Kuchenna Halka"},"content":{"rendered":"<p><span style=\"font-weight: 400;\">Zapaska to taka bardziej swobodna wersja klasycznego fartucha. W naszym wydaniu zapaski s\u0105 wygodne do przewi\u0105zania dla ka\u017cdego, bez wzgl\u0119du na rozmiar. Maj\u0105 optymaln\u0105 d\u0142ugo\u015b\u0107, a przy tym naprawd\u0119 \u015bwietnie si\u0119 uk\u0142adaj\u0105. Du\u017ca kieszonka z przodu pozwoli ci trzyma\u0107 w niej najcenniejsze skarby: przepis po babci, telefon do robienia apetycznych zdj\u0119\u0107 lub ma\u0142e \u0142akocie do podjadania w trakcie krz\u0105taniny w domu. Zapaska dost\u0119pna jest w czterech wariantach kolorystycznych w naszych flagowych wzorach: Halka, Frania, Rosa i Maryna.<\/span><\/p>\n","protected":false},"excerpt":{"rendered":"<p>PROJEKTOWANE I PRODUKOWANE W POLSCE<br \/>\nMATERIA\u0141: 100% BAWE\u0141NA<br \/>\nROZMIAR: UNIWERSALNY<br \/>\nKOLORY: R\u00d3\u017bNE WARIANTY KOLORYSTYCZNE<br \/>\nZALECENIA PIEL\u0118GNACYJNE: PRANIE W 30 STOPNIACH W PRALCE (BAWE\u0141NA W WY\u017bSZYCH TEMPERATURACH MA TENDENCJ\u0118 DO KURCZENIA SI\u0118 O OK 6%), PRASOWANIE NA NISKIEJ TEMPERATURZE.<\/p>\n","protected":false},"featured_media":3257,"template":"","meta":{"inline_featured_image":false},"product_brand":[],"product_cat":[22],"product_tag":[],"class_list":{"0":"post-3256","1":"product","2":"type-product","3":"status-publish","4":"has-post-thumbnail","6":"product_cat-tekstylia","8":"first","9":"instock","10":"sale","11":"shipping-taxable","12":"purchasable","13":"product-type-simple"},"_links":{"self":[{"href":"https:\/\/frankafranka.com\/pl\/wp-json\/wp\/v2\/product\/3256","targetHints":{"allow":["GET"]}}],"collection":[{"href":"https:\/\/frankafranka.com\/pl\/wp-json\/wp\/v2\/product"}],"about":[{"href":"https:\/\/frankafranka.com\/pl\/wp-json\/wp\/v2\/types\/product"}],"wp:featuredmedia":[{"embeddable":true,"href":"https:\/\/frankafranka.com\/pl\/wp-json\/wp\/v2\/media\/3257"}],"wp:attachment":[{"href":"https:\/\/frankafranka.com\/pl\/wp-json\/wp\/v2\/media?parent=3256"}],"wp:term":[{"taxonomy":"product_brand","embeddable":true,"href":"https:\/\/frankafranka.com\/pl\/wp-json\/wp\/v2\/product_brand?post=3256"},{"taxonomy":"product_cat","embeddable":true,"href":"https:\/\/frankafranka.com\/pl\/wp-json\/wp\/v2\/product_cat?post=3256"},{"taxonomy":"product_tag","embeddable":true,"href":"https:\/\/frankafranka.com\/pl\/wp-json\/wp\/v2\/product_tag?post=3256"}],"curies":[{"name":"wp","href":"https:\/\/api.w.org\/{rel}","templated":true}]}}