{"id":3226,"date":"2025-03-06T19:29:46","date_gmt":"2025-03-06T19:29:46","guid":{"rendered":"https:\/\/frankafranka.com\/?post_type=product&#038;p=3226"},"modified":"2025-12-02T14:30:16","modified_gmt":"2025-12-02T14:30:16","slug":"rekawica-kuchenna-frania","status":"publish","type":"product","link":"https:\/\/frankafranka.com\/pl\/produkt\/rekawica-kuchenna-frania\/","title":{"rendered":"R\u0119kawica kuchenna Frania"},"content":{"rendered":"<p><span style=\"font-weight: 400;\">R\u0119kawica Frania to po\u0142\u0105czenie uniwersalnego dizajnu z praktycznym zastosowaniem r\u0119kawicy kuchennej. Wype\u0142nienie r\u0119kawicy chroni od gor\u0105ca i oparze\u0144 do wysokich temperatur. Materia\u0142 nie przypala si\u0119, co pozwala ci cieszy\u0107 si\u0119 tym akcesorium przez d\u0142ugie lata.<\/span><\/p>\n","protected":false},"excerpt":{"rendered":"<p>Projektowane i produkowane w Polsce<br \/>\nMateria\u0142: 100% bawe\u0142na, wype\u0142nienie poliester<br \/>\nRozmiar: uniwersalny<br \/>\nKOLORY: NIEBIESKI, NATURALNA BAWE\u0141NA<br \/>\nZalecenia piel\u0119gnacyjne: Pranie w 30 stopniach w pralce (bawe\u0142na w wy\u017cszych temperaturach ma tendencj\u0119 do kurczenia si\u0119 o ok 6%), prasowanie na niskiej temperaturze<\/p>\n","protected":false},"featured_media":3227,"template":"","meta":{"inline_featured_image":false},"product_brand":[],"product_cat":[22],"product_tag":[],"class_list":{"0":"post-3226","1":"product","2":"type-product","3":"status-publish","4":"has-post-thumbnail","6":"product_cat-tekstylia","8":"first","9":"outofstock","10":"shipping-taxable","11":"purchasable","12":"product-type-simple"},"_links":{"self":[{"href":"https:\/\/frankafranka.com\/pl\/wp-json\/wp\/v2\/product\/3226","targetHints":{"allow":["GET"]}}],"collection":[{"href":"https:\/\/frankafranka.com\/pl\/wp-json\/wp\/v2\/product"}],"about":[{"href":"https:\/\/frankafranka.com\/pl\/wp-json\/wp\/v2\/types\/product"}],"wp:featuredmedia":[{"embeddable":true,"href":"https:\/\/frankafranka.com\/pl\/wp-json\/wp\/v2\/media\/3227"}],"wp:attachment":[{"href":"https:\/\/frankafranka.com\/pl\/wp-json\/wp\/v2\/media?parent=3226"}],"wp:term":[{"taxonomy":"product_brand","embeddable":true,"href":"https:\/\/frankafranka.com\/pl\/wp-json\/wp\/v2\/product_brand?post=3226"},{"taxonomy":"product_cat","embeddable":true,"href":"https:\/\/frankafranka.com\/pl\/wp-json\/wp\/v2\/product_cat?post=3226"},{"taxonomy":"product_tag","embeddable":true,"href":"https:\/\/frankafranka.com\/pl\/wp-json\/wp\/v2\/product_tag?post=3226"}],"curies":[{"name":"wp","href":"https:\/\/api.w.org\/{rel}","templated":true}]}}