{"id":2063,"date":"2024-11-15T13:15:42","date_gmt":"2024-11-15T13:15:42","guid":{"rendered":"https:\/\/frankafranka.com\/?post_type=product&#038;p=2063"},"modified":"2025-12-02T14:31:37","modified_gmt":"2025-12-02T14:31:37","slug":"rekawica-kuchenna-rosa","status":"publish","type":"product","link":"https:\/\/frankafranka.com\/pl\/produkt\/rekawica-kuchenna-rosa\/","title":{"rendered":"R\u0119kawica kuchenna Rosa"},"content":{"rendered":"<p><span style=\"font-weight: 400;\">R\u0119kawica kuchenna Rosa \u0142\u0105czy ochron\u0119 z radosnym designem. Wykonana z mi\u0119kkiej bawe\u0142ny, zapewnia wygod\u0119 i bezpiecze\u0144stwo podczas gotowania. Delikatny r\u00f3\u017cowy wz\u00f3r w kratk\u0119 dodaje uroku, a ergonomiczne dopasowanie gwarantuje swobod\u0119 ruch\u00f3w. Idealna do codziennego u\u017cytku w kuchni.<\/span><\/p>\n","protected":false},"excerpt":{"rendered":"<p>Projektowane i produkowane w Polsce<br \/>\nMateria\u0142: 100% bawe\u0142na, wype\u0142nienie poliester<br \/>\nRozmiar: uniwersalny<br \/>\nKolory: naturalna bawe\u0142na, r\u00f3\u017cowo-r\u00f3\u017cowy zadruk<br \/>\nZalecenia piel\u0119gnacyjne: Pranie w 30 stopniach w pralce (bawe\u0142na w wy\u017cszych temperaturach ma tendencj\u0119 do kurczenia si\u0119 o ok 6%), prasowanie na niskiej temperaturze<\/p>\n","protected":false},"featured_media":2321,"template":"","meta":{"inline_featured_image":false},"product_brand":[],"product_cat":[22],"product_tag":[],"class_list":{"0":"post-2063","1":"product","2":"type-product","3":"status-publish","4":"has-post-thumbnail","6":"product_cat-tekstylia","8":"first","9":"instock","10":"shipping-taxable","11":"purchasable","12":"product-type-simple"},"_links":{"self":[{"href":"https:\/\/frankafranka.com\/pl\/wp-json\/wp\/v2\/product\/2063","targetHints":{"allow":["GET"]}}],"collection":[{"href":"https:\/\/frankafranka.com\/pl\/wp-json\/wp\/v2\/product"}],"about":[{"href":"https:\/\/frankafranka.com\/pl\/wp-json\/wp\/v2\/types\/product"}],"wp:featuredmedia":[{"embeddable":true,"href":"https:\/\/frankafranka.com\/pl\/wp-json\/wp\/v2\/media\/2321"}],"wp:attachment":[{"href":"https:\/\/frankafranka.com\/pl\/wp-json\/wp\/v2\/media?parent=2063"}],"wp:term":[{"taxonomy":"product_brand","embeddable":true,"href":"https:\/\/frankafranka.com\/pl\/wp-json\/wp\/v2\/product_brand?post=2063"},{"taxonomy":"product_cat","embeddable":true,"href":"https:\/\/frankafranka.com\/pl\/wp-json\/wp\/v2\/product_cat?post=2063"},{"taxonomy":"product_tag","embeddable":true,"href":"https:\/\/frankafranka.com\/pl\/wp-json\/wp\/v2\/product_tag?post=2063"}],"curies":[{"name":"wp","href":"https:\/\/api.w.org\/{rel}","templated":true}]}}