{"id":1920,"date":"2024-11-14T10:02:23","date_gmt":"2024-11-14T10:02:23","guid":{"rendered":"https:\/\/frankafranka.com\/?post_type=product&#038;p=1920"},"modified":"2025-12-02T14:32:03","modified_gmt":"2025-12-02T14:32:03","slug":"rekawica-kuchenna-maryna","status":"publish","type":"product","link":"https:\/\/frankafranka.com\/pl\/produkt\/rekawica-kuchenna-maryna\/","title":{"rendered":"R\u0119kawica kuchenna Maryna"},"content":{"rendered":"<p><span style=\"font-weight: 400;\">R\u0119kawica kuchenna Maryna \u0142\u0105czy funkcjonalno\u015b\u0107 z artystycznym stylem. Wykonana z bawe\u0142ny, chroni przed gor\u0105cem, a b\u0142\u0119kitne ilustracje wprowadzaj\u0105 przytuln\u0105 atmosfer\u0119 do kuchni. Dzi\u0119ki dopasowaniu zapewnia wygod\u0119 i pe\u0142n\u0105 swobod\u0119 ruch\u00f3w.<\/span><\/p>\n","protected":false},"excerpt":{"rendered":"<p>Projektowane i produkowane w Polsce<br \/>\nMateria\u0142: 100% bawe\u0142na, wype\u0142nienie poliester<br \/>\nRozmiar: uniwersalny<br \/>\nKolory: naturalna bawe\u0142na, niebieski ilustracje<br \/>\nZalecenia piel\u0119gnacyjne: Pranie w 30 stopniach w pralce (bawe\u0142na w wy\u017cszych temperaturach ma tendencj\u0119 do kurczenia si\u0119 o ok 6%), prasowanie na niskiej temperaturze<\/p>\n","protected":false},"featured_media":2312,"template":"","meta":{"inline_featured_image":false},"product_brand":[],"product_cat":[22],"product_tag":[],"class_list":{"0":"post-1920","1":"product","2":"type-product","3":"status-publish","4":"has-post-thumbnail","6":"product_cat-tekstylia","8":"first","9":"instock","10":"shipping-taxable","11":"purchasable","12":"product-type-simple"},"_links":{"self":[{"href":"https:\/\/frankafranka.com\/pl\/wp-json\/wp\/v2\/product\/1920","targetHints":{"allow":["GET"]}}],"collection":[{"href":"https:\/\/frankafranka.com\/pl\/wp-json\/wp\/v2\/product"}],"about":[{"href":"https:\/\/frankafranka.com\/pl\/wp-json\/wp\/v2\/types\/product"}],"wp:featuredmedia":[{"embeddable":true,"href":"https:\/\/frankafranka.com\/pl\/wp-json\/wp\/v2\/media\/2312"}],"wp:attachment":[{"href":"https:\/\/frankafranka.com\/pl\/wp-json\/wp\/v2\/media?parent=1920"}],"wp:term":[{"taxonomy":"product_brand","embeddable":true,"href":"https:\/\/frankafranka.com\/pl\/wp-json\/wp\/v2\/product_brand?post=1920"},{"taxonomy":"product_cat","embeddable":true,"href":"https:\/\/frankafranka.com\/pl\/wp-json\/wp\/v2\/product_cat?post=1920"},{"taxonomy":"product_tag","embeddable":true,"href":"https:\/\/frankafranka.com\/pl\/wp-json\/wp\/v2\/product_tag?post=1920"}],"curies":[{"name":"wp","href":"https:\/\/api.w.org\/{rel}","templated":true}]}}