{"id":1919,"date":"2024-11-14T10:01:46","date_gmt":"2024-11-14T10:01:46","guid":{"rendered":"https:\/\/frankafranka.com\/?post_type=product&#038;p=1919"},"modified":"2025-12-02T14:32:16","modified_gmt":"2025-12-02T14:32:16","slug":"rekawica-kuchenna-halka","status":"publish","type":"product","link":"https:\/\/frankafranka.com\/pl\/produkt\/rekawica-kuchenna-halka\/","title":{"rendered":"R\u0119kawica kuchenna Halka"},"content":{"rendered":"<p><span style=\"font-weight: 400;\">R\u0119kawica kuchenna Halka to po\u0142\u0105czenie energii i ochrony. Pomara\u0144czowy wz\u00f3r na r\u00f3\u017cowym tle dodaje kolorowego akcentu do kuchni. Wykonana z bawe\u0142ny ze wzmocnieniem piankowym, skutecznie chroni przed wysokimi temperaturami, a jej komfortowe dopasowanie zapewnia wygod\u0119 podczas gotowania.<\/span><\/p>\n","protected":false},"excerpt":{"rendered":"<p>Projektowane i produkowane w Polsce<br \/>\nMateria\u0142: 100% bawe\u0142na, wype\u0142nienie poliester<br \/>\nRozmiar: uniwersalny<br \/>\nKolory: r\u00f3\u017cowy, pomara\u0144czowy, naturalna bawe\u0142na<br \/>\nZalecenia piel\u0119gnacyjne: Pranie w 30 stopniach w pralce (bawe\u0142na w wy\u017cszych temperaturach ma tendencj\u0119 do kurczenia si\u0119 o ok 6%), prasowanie na niskiej temperaturze<\/p>\n","protected":false},"featured_media":2309,"template":"","meta":{"inline_featured_image":false},"product_brand":[],"product_cat":[22],"product_tag":[],"class_list":{"0":"post-1919","1":"product","2":"type-product","3":"status-publish","4":"has-post-thumbnail","6":"product_cat-tekstylia","8":"first","9":"instock","10":"shipping-taxable","11":"purchasable","12":"product-type-simple"},"_links":{"self":[{"href":"https:\/\/frankafranka.com\/pl\/wp-json\/wp\/v2\/product\/1919","targetHints":{"allow":["GET"]}}],"collection":[{"href":"https:\/\/frankafranka.com\/pl\/wp-json\/wp\/v2\/product"}],"about":[{"href":"https:\/\/frankafranka.com\/pl\/wp-json\/wp\/v2\/types\/product"}],"wp:featuredmedia":[{"embeddable":true,"href":"https:\/\/frankafranka.com\/pl\/wp-json\/wp\/v2\/media\/2309"}],"wp:attachment":[{"href":"https:\/\/frankafranka.com\/pl\/wp-json\/wp\/v2\/media?parent=1919"}],"wp:term":[{"taxonomy":"product_brand","embeddable":true,"href":"https:\/\/frankafranka.com\/pl\/wp-json\/wp\/v2\/product_brand?post=1919"},{"taxonomy":"product_cat","embeddable":true,"href":"https:\/\/frankafranka.com\/pl\/wp-json\/wp\/v2\/product_cat?post=1919"},{"taxonomy":"product_tag","embeddable":true,"href":"https:\/\/frankafranka.com\/pl\/wp-json\/wp\/v2\/product_tag?post=1919"}],"curies":[{"name":"wp","href":"https:\/\/api.w.org\/{rel}","templated":true}]}}