{"id":1917,"date":"2024-11-14T10:00:58","date_gmt":"2024-11-14T10:00:58","guid":{"rendered":"https:\/\/frankafranka.com\/?post_type=product&#038;p=1917"},"modified":"2025-12-02T14:32:59","modified_gmt":"2025-12-02T14:32:59","slug":"serweta-halka","status":"publish","type":"product","link":"https:\/\/frankafranka.com\/pl\/produkt\/serweta-halka\/","title":{"rendered":"Serweta Halka"},"content":{"rendered":"<p><span style=\"font-weight: 400;\">Serwetka Halka to \u017cywy akcent w kuchni. Pomara\u0144czowy wz\u00f3r na r\u00f3\u017cowym tle wnosi energi\u0119, a bawe\u0142niany materia\u0142 jest ch\u0142onny i trwa\u0142y. Doskona\u0142a do codziennego u\u017cytku, zar\u00f3wno do wycierania, jak i jako kolorowy dodatek na stole, kt\u00f3ry przyci\u0105ga wzrok go\u015bci.<\/span><\/p>\n","protected":false},"excerpt":{"rendered":"<p>Projektowane i produkowane w Polsce<br \/>\nMateria\u0142: 100% bawe\u0142na<br \/>\nRozmiar: 48cm x 48cm<br \/>\nKolory: pomara\u0144czowy, r\u00f3\u017cowy<br \/>\nZalecenia piel\u0119gnacyjne: Pranie w 30 stopniach w pralce (bawe\u0142na w wy\u017cszych temperaturach ma tendencj\u0119 do kurczenia si\u0119 o ok 6%), prasowanie na lewej stronie<\/p>\n","protected":false},"featured_media":2304,"template":"","meta":{"inline_featured_image":false},"product_brand":[],"product_cat":[22],"product_tag":[],"class_list":{"0":"post-1917","1":"product","2":"type-product","3":"status-publish","4":"has-post-thumbnail","6":"product_cat-tekstylia","8":"first","9":"instock","10":"shipping-taxable","11":"purchasable","12":"product-type-simple"},"_links":{"self":[{"href":"https:\/\/frankafranka.com\/pl\/wp-json\/wp\/v2\/product\/1917","targetHints":{"allow":["GET"]}}],"collection":[{"href":"https:\/\/frankafranka.com\/pl\/wp-json\/wp\/v2\/product"}],"about":[{"href":"https:\/\/frankafranka.com\/pl\/wp-json\/wp\/v2\/types\/product"}],"wp:featuredmedia":[{"embeddable":true,"href":"https:\/\/frankafranka.com\/pl\/wp-json\/wp\/v2\/media\/2304"}],"wp:attachment":[{"href":"https:\/\/frankafranka.com\/pl\/wp-json\/wp\/v2\/media?parent=1917"}],"wp:term":[{"taxonomy":"product_brand","embeddable":true,"href":"https:\/\/frankafranka.com\/pl\/wp-json\/wp\/v2\/product_brand?post=1917"},{"taxonomy":"product_cat","embeddable":true,"href":"https:\/\/frankafranka.com\/pl\/wp-json\/wp\/v2\/product_cat?post=1917"},{"taxonomy":"product_tag","embeddable":true,"href":"https:\/\/frankafranka.com\/pl\/wp-json\/wp\/v2\/product_tag?post=1917"}],"curies":[{"name":"wp","href":"https:\/\/api.w.org\/{rel}","templated":true}]}}