{"id":1915,"date":"2024-11-14T09:59:25","date_gmt":"2024-11-14T09:59:25","guid":{"rendered":"https:\/\/frankafranka.com\/?post_type=product&#038;p=1915"},"modified":"2025-12-02T14:33:32","modified_gmt":"2025-12-02T14:33:32","slug":"fartuch-maryna","status":"publish","type":"product","link":"https:\/\/frankafranka.com\/pl\/produkt\/fartuch-maryna\/","title":{"rendered":"Fartuch Maryna"},"content":{"rendered":"<p><span style=\"font-weight: 400;\">Fartuch kuchenny Maryna \u0142\u0105czy funkcjonalno\u015b\u0107 z rado\u015bci\u0105 gotowania. Wykonany z wysokogatunkowej bawe\u0142ny, chroni ubranie, a b\u0142\u0119kitne ilustracje wprowadzaj\u0105 ciep\u0142y, przytulny klimat. Dzi\u0119ki d\u0142ugim paskom i praktycznej kieszeni kulinarne przygody staj\u0105 si\u0119 jeszcze przyjemniejsze.\u00a0<\/span><\/p>\n","protected":false},"excerpt":{"rendered":"<p>Projektowane i produkowane w Polsce<br \/>\nMateria\u0142: 100% bawe\u0142na<br \/>\nRozmiar: uniwersalny<br \/>\nKolory: naturalna bawe\u0142na, niebieskie ilustracje<br \/>\nZalecenia piel\u0119gnacyjne: Pranie w temperaturze 30 stopni w pralce (bawe\u0142na w wy\u017cszych temperaturach ma tendencj\u0119 do kurczenia si\u0119 o ok 6%), prasowanie na lewej stronie<\/p>\n","protected":false},"featured_media":2294,"template":"","meta":{"inline_featured_image":false},"product_brand":[],"product_cat":[22],"product_tag":[],"class_list":{"0":"post-1915","1":"product","2":"type-product","3":"status-publish","4":"has-post-thumbnail","6":"product_cat-tekstylia","8":"first","9":"instock","10":"shipping-taxable","11":"purchasable","12":"product-type-simple"},"_links":{"self":[{"href":"https:\/\/frankafranka.com\/pl\/wp-json\/wp\/v2\/product\/1915","targetHints":{"allow":["GET"]}}],"collection":[{"href":"https:\/\/frankafranka.com\/pl\/wp-json\/wp\/v2\/product"}],"about":[{"href":"https:\/\/frankafranka.com\/pl\/wp-json\/wp\/v2\/types\/product"}],"wp:featuredmedia":[{"embeddable":true,"href":"https:\/\/frankafranka.com\/pl\/wp-json\/wp\/v2\/media\/2294"}],"wp:attachment":[{"href":"https:\/\/frankafranka.com\/pl\/wp-json\/wp\/v2\/media?parent=1915"}],"wp:term":[{"taxonomy":"product_brand","embeddable":true,"href":"https:\/\/frankafranka.com\/pl\/wp-json\/wp\/v2\/product_brand?post=1915"},{"taxonomy":"product_cat","embeddable":true,"href":"https:\/\/frankafranka.com\/pl\/wp-json\/wp\/v2\/product_cat?post=1915"},{"taxonomy":"product_tag","embeddable":true,"href":"https:\/\/frankafranka.com\/pl\/wp-json\/wp\/v2\/product_tag?post=1915"}],"curies":[{"name":"wp","href":"https:\/\/api.w.org\/{rel}","templated":true}]}}