{"id":1913,"date":"2024-11-14T09:58:39","date_gmt":"2024-11-14T09:58:39","guid":{"rendered":"https:\/\/frankafranka.com\/?post_type=product&#038;p=1913"},"modified":"2025-11-20T12:00:06","modified_gmt":"2025-11-20T12:00:06","slug":"obrus-maryna","status":"publish","type":"product","link":"https:\/\/frankafranka.com\/pl\/produkt\/obrus-maryna\/","title":{"rendered":"Obrus Maryna"},"content":{"rendered":"<p><span style=\"font-weight: 400;\">Nasz bawe\u0142niany obrus Maryna to urocza propozycja dla mi\u0142o\u015bnik\u00f3w klasycznych kuchennych wzor\u00f3w w nowoczesnym wydaniu. Subtelne, b\u0142\u0119kitne motywy ilustracyjne tworz\u0105 harmonijn\u0105 kompozycj\u0119, kt\u00f3ra wprowadza do wn\u0119trza przyjemn\u0105 atmosfer\u0119 domowego ciep\u0142a. Idealnie komponuje si\u0119 z nowoczesnym wystrojem, ale r\u00f3wnie dobrze podkre\u015bla rustykalny charakter drewnianych mebli. Wykonany z wysokogatunkowej bawe\u0142ny, jest przyjazny zar\u00f3wno dla codziennego u\u017cytku, jak i na wyj\u0105tkowe okazje. Obrus Maryna to po\u0142\u0105czenie funkcjonalno\u015bci i estetyki, kt\u00f3re doda uroku ka\u017cdemu sto\u0142owi.<\/span><\/p>\n","protected":false},"excerpt":{"rendered":"<p>Projektowane i produkowane w Polsce.<br \/>\nMateria\u0142: 100% bawe\u0142na naturalna<br \/>\nRozmiar: 240cm x 145cm<br \/>\nKolory: Naturalna bawe\u0142na, niebieski zadruk<br \/>\nZalecenia piel\u0119gnacyjne: Pranie w 30 stopniach (bawe\u0142na w wy\u017cszych temperaturach ma tendencj\u0119 do kurczenia si\u0119 o ok 6%), prasowanie na lewej stronie<\/p>\n","protected":false},"featured_media":2440,"template":"","meta":{"inline_featured_image":false},"product_brand":[],"product_cat":[22],"product_tag":[],"class_list":{"0":"post-1913","1":"product","2":"type-product","3":"status-publish","4":"has-post-thumbnail","6":"product_cat-tekstylia","8":"first","9":"instock","10":"shipping-taxable","11":"purchasable","12":"product-type-variable"},"_links":{"self":[{"href":"https:\/\/frankafranka.com\/pl\/wp-json\/wp\/v2\/product\/1913","targetHints":{"allow":["GET"]}}],"collection":[{"href":"https:\/\/frankafranka.com\/pl\/wp-json\/wp\/v2\/product"}],"about":[{"href":"https:\/\/frankafranka.com\/pl\/wp-json\/wp\/v2\/types\/product"}],"wp:featuredmedia":[{"embeddable":true,"href":"https:\/\/frankafranka.com\/pl\/wp-json\/wp\/v2\/media\/2440"}],"wp:attachment":[{"href":"https:\/\/frankafranka.com\/pl\/wp-json\/wp\/v2\/media?parent=1913"}],"wp:term":[{"taxonomy":"product_brand","embeddable":true,"href":"https:\/\/frankafranka.com\/pl\/wp-json\/wp\/v2\/product_brand?post=1913"},{"taxonomy":"product_cat","embeddable":true,"href":"https:\/\/frankafranka.com\/pl\/wp-json\/wp\/v2\/product_cat?post=1913"},{"taxonomy":"product_tag","embeddable":true,"href":"https:\/\/frankafranka.com\/pl\/wp-json\/wp\/v2\/product_tag?post=1913"}],"curies":[{"name":"wp","href":"https:\/\/api.w.org\/{rel}","templated":true}]}}