{"id":1911,"date":"2024-11-14T09:57:36","date_gmt":"2024-11-14T09:57:36","guid":{"rendered":"https:\/\/frankafranka.com\/?post_type=product&#038;p=1911"},"modified":"2025-11-20T11:58:25","modified_gmt":"2025-11-20T11:58:25","slug":"obrus-rosa","status":"publish","type":"product","link":"https:\/\/frankafranka.com\/pl\/produkt\/obrus-rosa\/","title":{"rendered":"Obrus Rosa"},"content":{"rendered":"<p><span style=\"font-weight: 400;\">Obrus Rosa to kwintesencja uroku i ciep\u0142a. R\u00f3\u017cowo-r\u00f3\u017cowa krata z subtelnymi liniami tworzy przytulny wz\u00f3r. Idealny na romantyczne kolacje i popo\u0142udniowe spotkania przy kawie. Wykonany z mi\u0119kkiej bawe\u0142ny, \u0142\u0105czy pi\u0119kno z praktyczno\u015bci\u0105. Obrus Rosa doda ka\u017cdej jadalni lekko\u015bci i rado\u015bci.<\/span><\/p>\n","protected":false},"excerpt":{"rendered":"<p>Projektowane i produkowane w Polsce.<br \/>\nMateria\u0142: 100% bawe\u0142na<br \/>\nRozmiar: 240cm x 145cm<br \/>\nKolory: Naturalna bawe\u0142na, r\u00f3\u017cowo-r\u00f3\u017cowy zadruk<br \/>\nZalecenia piel\u0119gnacyjne: Pranie w temperaturze 30 stopni (bawe\u0142na w wy\u017cszych temperaturach ma tendencj\u0119 do kurczenia si\u0119 o ok 6%), prasowanie na lewej stronie<\/p>\n","protected":false},"featured_media":2270,"template":"","meta":{"inline_featured_image":false},"product_brand":[],"product_cat":[22],"product_tag":[],"class_list":{"0":"post-1911","1":"product","2":"type-product","3":"status-publish","4":"has-post-thumbnail","6":"product_cat-tekstylia","8":"first","9":"instock","10":"shipping-taxable","11":"purchasable","12":"product-type-variable"},"_links":{"self":[{"href":"https:\/\/frankafranka.com\/pl\/wp-json\/wp\/v2\/product\/1911","targetHints":{"allow":["GET"]}}],"collection":[{"href":"https:\/\/frankafranka.com\/pl\/wp-json\/wp\/v2\/product"}],"about":[{"href":"https:\/\/frankafranka.com\/pl\/wp-json\/wp\/v2\/types\/product"}],"wp:featuredmedia":[{"embeddable":true,"href":"https:\/\/frankafranka.com\/pl\/wp-json\/wp\/v2\/media\/2270"}],"wp:attachment":[{"href":"https:\/\/frankafranka.com\/pl\/wp-json\/wp\/v2\/media?parent=1911"}],"wp:term":[{"taxonomy":"product_brand","embeddable":true,"href":"https:\/\/frankafranka.com\/pl\/wp-json\/wp\/v2\/product_brand?post=1911"},{"taxonomy":"product_cat","embeddable":true,"href":"https:\/\/frankafranka.com\/pl\/wp-json\/wp\/v2\/product_cat?post=1911"},{"taxonomy":"product_tag","embeddable":true,"href":"https:\/\/frankafranka.com\/pl\/wp-json\/wp\/v2\/product_tag?post=1911"}],"curies":[{"name":"wp","href":"https:\/\/api.w.org\/{rel}","templated":true}]}}