{"id":1910,"date":"2024-11-14T09:55:50","date_gmt":"2024-11-14T09:55:50","guid":{"rendered":"https:\/\/frankafranka.com\/?post_type=product&#038;p=1910"},"modified":"2025-11-20T11:57:27","modified_gmt":"2025-11-20T11:57:27","slug":"obrus-halka","status":"publish","type":"product","link":"https:\/\/frankafranka.com\/pl\/produkt\/obrus-halka\/","title":{"rendered":"Obrus Halka"},"content":{"rendered":"<p><span style=\"font-weight: 400;\">Obrus Halka to wyb\u00f3r dla tych, kt\u00f3rzy chc\u0105 wyr\u00f3\u017cni\u0107 sw\u00f3j st\u00f3\u0142. Energetyczne po\u0142\u0105czenie pomara\u0144czu i r\u00f3\u017cu przyci\u0105ga wzrok i nadaje nowoczesny charakter. Doskona\u0142y do loft\u00f3w, eklektycznych wn\u0119trz i imprez. To propozycja dla tych, kt\u00f3rzy kochaj\u0105 kolory i chc\u0105 stworzy\u0107 efekt \u201ewow\u201d w swojej przestrzeni.\u00a0<\/span><\/p>\n","protected":false},"excerpt":{"rendered":"<p>Projektowane i produkowane w Polsce.<br \/>\nMateria\u0142: 100% bawe\u0142na<br \/>\nRozmiar: 240cm x 145cm<br \/>\nKolory: R\u00f3\u017cowa bawe\u0142na, pomara\u0144czowy zadruk<br \/>\nZalecenia piel\u0119gnacyjne: Pranie w temperaturze 30 stopni (bawe\u0142na w wy\u017cszych temperaturach ma tendencj\u0119 do kurczenia si\u0119 o ok 6%), prasowanie na lewej stronie<\/p>\n","protected":false},"featured_media":2264,"template":"","meta":{"inline_featured_image":false},"product_brand":[],"product_cat":[22],"product_tag":[],"class_list":{"0":"post-1910","1":"product","2":"type-product","3":"status-publish","4":"has-post-thumbnail","6":"product_cat-tekstylia","8":"first","9":"instock","10":"shipping-taxable","11":"purchasable","12":"product-type-variable"},"_links":{"self":[{"href":"https:\/\/frankafranka.com\/pl\/wp-json\/wp\/v2\/product\/1910","targetHints":{"allow":["GET"]}}],"collection":[{"href":"https:\/\/frankafranka.com\/pl\/wp-json\/wp\/v2\/product"}],"about":[{"href":"https:\/\/frankafranka.com\/pl\/wp-json\/wp\/v2\/types\/product"}],"wp:featuredmedia":[{"embeddable":true,"href":"https:\/\/frankafranka.com\/pl\/wp-json\/wp\/v2\/media\/2264"}],"wp:attachment":[{"href":"https:\/\/frankafranka.com\/pl\/wp-json\/wp\/v2\/media?parent=1910"}],"wp:term":[{"taxonomy":"product_brand","embeddable":true,"href":"https:\/\/frankafranka.com\/pl\/wp-json\/wp\/v2\/product_brand?post=1910"},{"taxonomy":"product_cat","embeddable":true,"href":"https:\/\/frankafranka.com\/pl\/wp-json\/wp\/v2\/product_cat?post=1910"},{"taxonomy":"product_tag","embeddable":true,"href":"https:\/\/frankafranka.com\/pl\/wp-json\/wp\/v2\/product_tag?post=1910"}],"curies":[{"name":"wp","href":"https:\/\/api.w.org\/{rel}","templated":true}]}}