{"id":1909,"date":"2024-11-14T09:55:30","date_gmt":"2024-11-14T09:55:30","guid":{"rendered":"https:\/\/frankafranka.com\/?post_type=product&#038;p=1909"},"modified":"2025-11-20T11:56:37","modified_gmt":"2025-11-20T11:56:37","slug":"obrus-frania","status":"publish","type":"product","link":"https:\/\/frankafranka.com\/pl\/produkt\/obrus-frania\/","title":{"rendered":"Obrus Frania"},"content":{"rendered":"<p><span style=\"font-weight: 400;\">Obrus Frania to nowoczesna wersja klasycznej kraty. Geometryczne akcenty dodaj\u0105 finezji, a morski kolor wnosi wspomnienie wakacji i relaksu. Doskonale pasuje do nowoczesnych aran\u017cacji i starego drewna. Wykonany z naturalnej bawe\u0142ny, \u015bwietnie wsp\u00f3\u0142gra z przytulnym wystrojem, zapewniaj\u0105c wysok\u0105 jako\u015b\u0107 i uniwersalny styl.\u00a0<\/span><\/p>\n","protected":false},"excerpt":{"rendered":"<p>Projektowane i produkowane w Polsce.<br \/>\nMateria\u0142: 100% bawe\u0142na<br \/>\nRozmiar: 240cm x 145cm<br \/>\nKolory: Naturalne bawe\u0142na, niebieski zadruk<br \/>\nZalecenia piel\u0119gnacyjne: Pranie w temperaturze 30 stopni (bawe\u0142na w wy\u017cszych temperaturach ma tendencj\u0119 do kurczenia si\u0119 o ok 6%), prasowanie na lewej stronie<\/p>\n","protected":false},"featured_media":2253,"template":"","meta":{"inline_featured_image":false},"product_brand":[],"product_cat":[22],"product_tag":[],"class_list":{"0":"post-1909","1":"product","2":"type-product","3":"status-publish","4":"has-post-thumbnail","6":"product_cat-tekstylia","8":"first","9":"instock","10":"shipping-taxable","11":"purchasable","12":"product-type-variable"},"_links":{"self":[{"href":"https:\/\/frankafranka.com\/pl\/wp-json\/wp\/v2\/product\/1909","targetHints":{"allow":["GET"]}}],"collection":[{"href":"https:\/\/frankafranka.com\/pl\/wp-json\/wp\/v2\/product"}],"about":[{"href":"https:\/\/frankafranka.com\/pl\/wp-json\/wp\/v2\/types\/product"}],"wp:featuredmedia":[{"embeddable":true,"href":"https:\/\/frankafranka.com\/pl\/wp-json\/wp\/v2\/media\/2253"}],"wp:attachment":[{"href":"https:\/\/frankafranka.com\/pl\/wp-json\/wp\/v2\/media?parent=1909"}],"wp:term":[{"taxonomy":"product_brand","embeddable":true,"href":"https:\/\/frankafranka.com\/pl\/wp-json\/wp\/v2\/product_brand?post=1909"},{"taxonomy":"product_cat","embeddable":true,"href":"https:\/\/frankafranka.com\/pl\/wp-json\/wp\/v2\/product_cat?post=1909"},{"taxonomy":"product_tag","embeddable":true,"href":"https:\/\/frankafranka.com\/pl\/wp-json\/wp\/v2\/product_tag?post=1909"}],"curies":[{"name":"wp","href":"https:\/\/api.w.org\/{rel}","templated":true}]}}