{"id":1900,"date":"2024-11-14T09:45:32","date_gmt":"2024-11-14T09:45:32","guid":{"rendered":"https:\/\/frankafranka.com\/?post_type=product&#038;p=1900"},"modified":"2025-11-20T11:48:40","modified_gmt":"2025-11-20T11:48:40","slug":"obrus-pasta","status":"publish","type":"product","link":"https:\/\/frankafranka.com\/pl\/produkt\/obrus-pasta\/","title":{"rendered":"Obrus Pasta"},"content":{"rendered":"<p><span style=\"font-weight: 400;\">Obrus Pasta to uk\u0142on w stron\u0119 mi\u0142o\u015bnik\u00f3w w\u0142oskiej kuchni i biesiad. Wzory makaron\u00f3w wprowadzaj\u0105 apetyczny klimat Italii. Idealny na spotkania z bliskimi, gdzie kr\u00f3luje dobre jedzenie. Wykonany z wysokogatunkowej bawe\u0142ny, \u0142\u0105czy funkcjonalno\u015b\u0107 z radosnym designem, zach\u0119caj\u0105c do ucztowania w prawdziwie w\u0142oskim stylu.\u00a0<\/span><\/p>\n","protected":false},"excerpt":{"rendered":"<p>Projektowane i produkowane w Polsce<br \/>\nMateria\u0142: 100% bawe\u0142na<br \/>\nRozmiar: 240cm x 145cm<br \/>\nKolory: Naturalna bawe\u0142na, r\u00f3\u017cowo-r\u00f3\u017cowy zadruk<br \/>\nZalecenia piel\u0119gnacyjne: Pranie w temperaturze 30 stopni (bawe\u0142na w wy\u017cszych temperaturach ma tendencj\u0119 do kurczenia si\u0119 o ok 6%), prasowanie na lewej stronie<\/p>\n","protected":false},"featured_media":2283,"template":"","meta":{"inline_featured_image":false},"product_brand":[],"product_cat":[22],"product_tag":[],"class_list":{"0":"post-1900","1":"product","2":"type-product","3":"status-publish","4":"has-post-thumbnail","6":"product_cat-tekstylia","8":"first","9":"instock","10":"shipping-taxable","11":"purchasable","12":"product-type-variable"},"_links":{"self":[{"href":"https:\/\/frankafranka.com\/pl\/wp-json\/wp\/v2\/product\/1900","targetHints":{"allow":["GET"]}}],"collection":[{"href":"https:\/\/frankafranka.com\/pl\/wp-json\/wp\/v2\/product"}],"about":[{"href":"https:\/\/frankafranka.com\/pl\/wp-json\/wp\/v2\/types\/product"}],"wp:featuredmedia":[{"embeddable":true,"href":"https:\/\/frankafranka.com\/pl\/wp-json\/wp\/v2\/media\/2283"}],"wp:attachment":[{"href":"https:\/\/frankafranka.com\/pl\/wp-json\/wp\/v2\/media?parent=1900"}],"wp:term":[{"taxonomy":"product_brand","embeddable":true,"href":"https:\/\/frankafranka.com\/pl\/wp-json\/wp\/v2\/product_brand?post=1900"},{"taxonomy":"product_cat","embeddable":true,"href":"https:\/\/frankafranka.com\/pl\/wp-json\/wp\/v2\/product_cat?post=1900"},{"taxonomy":"product_tag","embeddable":true,"href":"https:\/\/frankafranka.com\/pl\/wp-json\/wp\/v2\/product_tag?post=1900"}],"curies":[{"name":"wp","href":"https:\/\/api.w.org\/{rel}","templated":true}]}}