{"id":4210,"date":"2025-10-23T07:38:57","date_gmt":"2025-10-23T07:38:57","guid":{"rendered":"https:\/\/frankafranka.com\/?post_type=product&#038;p=4210"},"modified":"2025-10-23T07:39:40","modified_gmt":"2025-10-23T07:39:40","slug":"serweta-giulia-allora-x-franka","status":"publish","type":"product","link":"https:\/\/frankafranka.com\/en\/product\/serweta-giulia-allora-x-franka\/","title":{"rendered":"Serweta Giulia ALLORA X FRANKA"},"content":{"rendered":"<p><span style=\"font-weight: 400;\">Serweta, na kt\u00f3rej chleb, talerz i ka\u017cdy posi\u0142ek wygl\u0105da pi\u0119knie. W ulubionym kolorze sezonu, z falbank\u0105, kt\u00f3ra nie potrzebuje ju\u017c \u017cadnych dodatk\u00f3w. Dajesz j\u0105 na st\u00f3\u0142 i delektujesz si\u0119 wszystkimi zmys\u0142ami. <\/span><\/p>","protected":false},"excerpt":{"rendered":"<p>DESIGNED AND MADE IN POLAND<br \/>\nMATERIA\u0141: 100% bawe\u0142na<br \/>\nROZMIAR: 42 cm x 30 cm<br \/>\nKOLORY: BURGUND, NATURALNA BAWE\u0141NA<br \/>\nCARE INSTRUCTIONS: machine wash at 40\u00b0C (cotton tends to shrink by approx. 6% at higher temperatures), do not bleach<\/p>","protected":false},"featured_media":4202,"template":"","meta":{"inline_featured_image":false},"product_brand":[],"product_cat":[22],"product_tag":[],"class_list":{"0":"post-4210","1":"product","2":"type-product","3":"status-publish","4":"has-post-thumbnail","6":"product_cat-tekstylia","8":"first","9":"instock","10":"shipping-taxable","11":"purchasable","12":"product-type-simple"},"_links":{"self":[{"href":"https:\/\/frankafranka.com\/en\/wp-json\/wp\/v2\/product\/4210","targetHints":{"allow":["GET"]}}],"collection":[{"href":"https:\/\/frankafranka.com\/en\/wp-json\/wp\/v2\/product"}],"about":[{"href":"https:\/\/frankafranka.com\/en\/wp-json\/wp\/v2\/types\/product"}],"wp:featuredmedia":[{"embeddable":true,"href":"https:\/\/frankafranka.com\/en\/wp-json\/wp\/v2\/media\/4202"}],"wp:attachment":[{"href":"https:\/\/frankafranka.com\/en\/wp-json\/wp\/v2\/media?parent=4210"}],"wp:term":[{"taxonomy":"product_brand","embeddable":true,"href":"https:\/\/frankafranka.com\/en\/wp-json\/wp\/v2\/product_brand?post=4210"},{"taxonomy":"product_cat","embeddable":true,"href":"https:\/\/frankafranka.com\/en\/wp-json\/wp\/v2\/product_cat?post=4210"},{"taxonomy":"product_tag","embeddable":true,"href":"https:\/\/frankafranka.com\/en\/wp-json\/wp\/v2\/product_tag?post=4210"}],"curies":[{"name":"wp","href":"https:\/\/api.w.org\/{rel}","templated":true}]}}