{"id":4204,"date":"2025-10-23T07:38:26","date_gmt":"2025-10-23T07:38:26","guid":{"rendered":"https:\/\/frankafranka.com\/?post_type=product&#038;p=4204"},"modified":"2025-10-23T07:39:56","modified_gmt":"2025-10-23T07:39:56","slug":"rekawica-francesca-allora-x-franka","status":"publish","type":"product","link":"https:\/\/frankafranka.com\/en\/product\/rekawica-francesca-allora-x-franka\/","title":{"rendered":"R\u0119kawica Francesca ALLORA x FRANKA"},"content":{"rendered":"<p><span style=\"font-weight: 400;\">Klasyczna, a jednak z twistem. Nowa wersja klasycznych r\u0119kawic FRANKA. D\u0142ugie, wygodne, do gotowania i do pieczenia, nie tylko dla ozdoby, w sam raz na w\u0142oski temperament w gotowaniu. R\u0119kawica Francesca jest mi\u0119kka, w uniwersalnym rozmiarze, chroni przed gor\u0105cym, a pomidorowy sos tylko dodaje jej charakteru. Ale spokojnie, bez problemu pozb\u0119dziesz si\u0119 go w pralce. <\/span><\/p>","protected":false},"excerpt":{"rendered":"<p>DESIGNED AND MADE IN POLAND<br \/>\nMATERIA\u0141: 100% BAWE\u0141NA.<br \/>\nSize: One-size-fits-all<br \/>\nKOLORY: BURGUND, NATURALNA BAWE\u0141NA<br \/>\nCARE INSTRUCTIONS: machine wash at 40\u00b0C (cotton tends to shrink by approx. 6% at higher temperatures), do not bleach<\/p>","protected":false},"featured_media":4194,"template":"","meta":{"inline_featured_image":false},"product_brand":[],"product_cat":[22],"product_tag":[],"class_list":{"0":"post-4204","1":"product","2":"type-product","3":"status-publish","4":"has-post-thumbnail","6":"product_cat-tekstylia","8":"first","9":"instock","10":"shipping-taxable","11":"purchasable","12":"product-type-simple"},"_links":{"self":[{"href":"https:\/\/frankafranka.com\/en\/wp-json\/wp\/v2\/product\/4204","targetHints":{"allow":["GET"]}}],"collection":[{"href":"https:\/\/frankafranka.com\/en\/wp-json\/wp\/v2\/product"}],"about":[{"href":"https:\/\/frankafranka.com\/en\/wp-json\/wp\/v2\/types\/product"}],"wp:featuredmedia":[{"embeddable":true,"href":"https:\/\/frankafranka.com\/en\/wp-json\/wp\/v2\/media\/4194"}],"wp:attachment":[{"href":"https:\/\/frankafranka.com\/en\/wp-json\/wp\/v2\/media?parent=4204"}],"wp:term":[{"taxonomy":"product_brand","embeddable":true,"href":"https:\/\/frankafranka.com\/en\/wp-json\/wp\/v2\/product_brand?post=4204"},{"taxonomy":"product_cat","embeddable":true,"href":"https:\/\/frankafranka.com\/en\/wp-json\/wp\/v2\/product_cat?post=4204"},{"taxonomy":"product_tag","embeddable":true,"href":"https:\/\/frankafranka.com\/en\/wp-json\/wp\/v2\/product_tag?post=4204"}],"curies":[{"name":"wp","href":"https:\/\/api.w.org\/{rel}","templated":true}]}}