{"id":3394,"date":"2025-07-08T18:57:07","date_gmt":"2025-07-08T18:57:07","guid":{"rendered":"https:\/\/frankafranka.com\/?post_type=product&#038;p=3394"},"modified":"2026-01-19T11:44:54","modified_gmt":"2026-01-19T11:44:54","slug":"obrus-jasia","status":"publish","type":"product","link":"https:\/\/frankafranka.com\/en\/product\/obrus-jasia\/","title":{"rendered":"Obrus Jasia"},"content":{"rendered":"<p>Obrus Jasia to nasz uk\u0142on w stron\u0119 tradycji i prostoty zakorzenionej w starym polskim domu. Wykonany z wysokiej jako\u015bci, naturalnego lnu z dodatkiem bawe\u0142ny wyr\u00f3\u017cnia si\u0119 patchworkowym wzorem, jakich nie znajdziesz w sieci\u00f3wce. W Jasi po\u0142\u0105czyli\u015bmy b\u0142\u0119kit z delikatnymi pasami o zielonych tonach, kt\u00f3re przywo\u0142uj\u0105 wspomnienia ciep\u0142ych, leniwych popo\u0142udni sp\u0119dzanych przy wsp\u00f3lnym stole \u2013 w ogrodzie, na tarasie, na wsi.<\/p>\n<p>This tablecloth pairs beautifully with both rustic and modern interiors, bringing a touch of pastoral calm and natural beauty into the space. Its timeless character and careful craftsmanship make it not only a decorative piece, but a lasting companion to everyday rituals for years to come.<\/p>","protected":false},"excerpt":{"rendered":"<p>DESIGNED AND MADE IN POLAND<br \/>\nMATERIA\u0141: LEN I BAWE\u0141NA<br \/>\nSIZE: 240 x 145 cm or 180 x 145 cm<br \/>\nCOLORS: BLUE, PINK, GREEN<br \/>\nCARE INSTRUCTIONS: MACHINE WASH AT 30\u00b0C (LINEN AND COTTON TEND TO SHRINK BY APPROX. 6% AT HIGHER TEMPERATURES), STAIN REMOVER SAFE<\/p>","protected":false},"featured_media":3397,"template":"","meta":{"inline_featured_image":false},"product_brand":[],"product_cat":[22],"product_tag":[],"class_list":{"0":"post-3394","1":"product","2":"type-product","3":"status-publish","4":"has-post-thumbnail","6":"product_cat-tekstylia","8":"first","9":"outofstock","10":"shipping-taxable","11":"purchasable","12":"product-type-variable"},"_links":{"self":[{"href":"https:\/\/frankafranka.com\/en\/wp-json\/wp\/v2\/product\/3394","targetHints":{"allow":["GET"]}}],"collection":[{"href":"https:\/\/frankafranka.com\/en\/wp-json\/wp\/v2\/product"}],"about":[{"href":"https:\/\/frankafranka.com\/en\/wp-json\/wp\/v2\/types\/product"}],"wp:featuredmedia":[{"embeddable":true,"href":"https:\/\/frankafranka.com\/en\/wp-json\/wp\/v2\/media\/3397"}],"wp:attachment":[{"href":"https:\/\/frankafranka.com\/en\/wp-json\/wp\/v2\/media?parent=3394"}],"wp:term":[{"taxonomy":"product_brand","embeddable":true,"href":"https:\/\/frankafranka.com\/en\/wp-json\/wp\/v2\/product_brand?post=3394"},{"taxonomy":"product_cat","embeddable":true,"href":"https:\/\/frankafranka.com\/en\/wp-json\/wp\/v2\/product_cat?post=3394"},{"taxonomy":"product_tag","embeddable":true,"href":"https:\/\/frankafranka.com\/en\/wp-json\/wp\/v2\/product_tag?post=3394"}],"curies":[{"name":"wp","href":"https:\/\/api.w.org\/{rel}","templated":true}]}}