{"id":3420,"date":"2025-07-08T19:23:23","date_gmt":"2025-07-08T19:23:23","guid":{"rendered":"https:\/\/frankafranka.com\/?post_type=product&#038;p=3420"},"modified":"2026-01-19T11:42:47","modified_gmt":"2026-01-19T11:42:47","slug":"serweta-alina","status":"publish","type":"product","link":"http:\/\/frankafranka.com\/pl\/produkt\/serweta-alina\/","title":{"rendered":"Serweta Alina"},"content":{"rendered":"<p>Serweta Alina powsta\u0142a z my\u015bl\u0105 o pi\u0119knym domowym stole, kt\u00f3rego nie chcesz w ca\u0142o\u015bci zakrywa\u0107 obrusem. Jej wymiary idealnie wkomponuj\u0105 si\u0119 w ka\u017cdy rodzaj sto\u0142u, tak aby go przyozdobi\u0107, a przy tym pozostawi\u0107 jego atuty na widoku. W po\u0142\u0105czeniu z drewnem, kamieniem, czy innymi naturalnymi materia\u0142ami daje nut\u0119 sielskiego spokoju w nowoczesnym wn\u0119trzu. Doskonale pasuje te\u017c na mniejsze stoliki, p\u00f3\u0142ki, czy \u0142awy.<\/p>\n","protected":false},"excerpt":{"rendered":"<p>PROJEKTOWANE I PRODUKOWANE W POLSCE<br \/>\nMATERIA\u0141: LEN I BAWE\u0141NA<br \/>\nROZMIAR: 90 x 90 cm<br \/>\nKOLORY: PASKI BORDO, NATURALNY LEN, ZIELONY<br \/>\nZALECENIA PIEL\u0118GNACYJNE: PRANIE W 30 STOPNIACH W PRALCE (LEN I BAWE\u0141NA W WY\u017bSZYCH TEMPERATURACH MA TENDENCJ\u0118 DO KURCZENIA SI\u0118 O OK 6%), MO\u017bNA U\u017bYWA\u0106 Z ODPLAMIACZEM<\/p>\n","protected":false},"featured_media":3423,"template":"","meta":{"inline_featured_image":false},"product_brand":[],"product_cat":[22],"product_tag":[],"class_list":{"0":"post-3420","1":"product","2":"type-product","3":"status-publish","4":"has-post-thumbnail","6":"product_cat-tekstylia","8":"first","9":"outofstock","10":"shipping-taxable","11":"purchasable","12":"product-type-simple"},"_links":{"self":[{"href":"http:\/\/frankafranka.com\/pl\/wp-json\/wp\/v2\/product\/3420","targetHints":{"allow":["GET"]}}],"collection":[{"href":"http:\/\/frankafranka.com\/pl\/wp-json\/wp\/v2\/product"}],"about":[{"href":"http:\/\/frankafranka.com\/pl\/wp-json\/wp\/v2\/types\/product"}],"wp:featuredmedia":[{"embeddable":true,"href":"http:\/\/frankafranka.com\/pl\/wp-json\/wp\/v2\/media\/3423"}],"wp:attachment":[{"href":"http:\/\/frankafranka.com\/pl\/wp-json\/wp\/v2\/media?parent=3420"}],"wp:term":[{"taxonomy":"product_brand","embeddable":true,"href":"http:\/\/frankafranka.com\/pl\/wp-json\/wp\/v2\/product_brand?post=3420"},{"taxonomy":"product_cat","embeddable":true,"href":"http:\/\/frankafranka.com\/pl\/wp-json\/wp\/v2\/product_cat?post=3420"},{"taxonomy":"product_tag","embeddable":true,"href":"http:\/\/frankafranka.com\/pl\/wp-json\/wp\/v2\/product_tag?post=3420"}],"curies":[{"name":"wp","href":"https:\/\/api.w.org\/{rel}","templated":true}]}}